{"id":35110,"date":"2025-09-24T12:38:36","date_gmt":"2025-09-24T16:38:36","guid":{"rendered":"https:\/\/canadared.canadasoccer.com\/?page_id=35110"},"modified":"2025-09-24T14:30:16","modified_gmt":"2025-09-24T18:30:16","slug":"october10legend","status":"publish","type":"page","link":"https:\/\/canadared.canadasoccer.com\/fr\/october10legend\/","title":{"rendered":"October 10 &#8211; Legend"},"content":{"rendered":"<div data-elementor-type=\"wp-page\" data-elementor-id=\"35110\" class=\"elementor elementor-35110\">\n\t\t\t\t\t\t<section class=\"elementor-section elementor-top-section elementor-element elementor-element-3765adf elementor-section-full_width elementor-section-height-min-height elementor-section-stretched elementor-hidden-mobile elementor-section-height-default elementor-section-items-middle wpr-particle-no wpr-jarallax-no wpr-parallax-no wpr-sticky-section-no elementor-invisible\" data-id=\"3765adf\" data-element_type=\"section\" data-settings=\"{&quot;stretch_section&quot;:&quot;section-stretched&quot;,&quot;background_background&quot;:&quot;slideshow&quot;,&quot;background_slideshow_gallery&quot;:[{&quot;id&quot;:34949,&quot;url&quot;:&quot;https:\\\/\\\/test-canada-red.pantheonsite.io\\\/wp-content\\\/uploads\\\/2025\\\/07\\\/anthem-banner.jpg&quot;}],&quot;animation&quot;:&quot;fadeIn&quot;,&quot;animation_delay&quot;:50,&quot;background_slideshow_slide_duration&quot;:5,&quot;background_slideshow_transition_duration&quot;:100,&quot;background_slideshow_slide_transition&quot;:&quot;fade&quot;}\">\n\t\t\t\t\t\t<div class=\"elementor-container elementor-column-gap-no\">\n\t\t\t\t\t<div class=\"elementor-column elementor-col-100 elementor-top-column elementor-element elementor-element-11736e4\" data-id=\"11736e4\" data-element_type=\"column\">\n\t\t\t<div class=\"elementor-widget-wrap elementor-element-populated\">\n\t\t\t\t\t\t<div class=\"elementor-element elementor-element-0163cac elementor-hidden-desktop elementor-hidden-tablet elementor-hidden-mobile elementor-invisible elementor-widget elementor-widget-heading\" data-id=\"0163cac\" data-element_type=\"widget\" data-settings=\"{&quot;_animation&quot;:&quot;fadeInDown&quot;}\" data-widget_type=\"heading.default\">\n\t\t\t\t<div class=\"elementor-widget-container\">\n\t\t\t\t\t<h1 class=\"elementor-heading-title elementor-size-default\">CONTACTEZ-NOUS<\/h1>\t\t\t\t<\/div>\n\t\t\t\t<\/div>\n\t\t\t\t\t<\/div>\n\t\t<\/div>\n\t\t\t\t\t<\/div>\n\t\t<\/section>\n\t\t\t\t<section class=\"elementor-section elementor-top-section elementor-element elementor-element-76a1c7e elementor-section-boxed elementor-section-height-default elementor-section-height-default wpr-particle-no wpr-jarallax-no wpr-parallax-no wpr-sticky-section-no\" data-id=\"76a1c7e\" data-element_type=\"section\" data-settings=\"{&quot;background_background&quot;:&quot;gradient&quot;}\">\n\t\t\t\t\t\t<div class=\"elementor-container elementor-column-gap-wider\">\n\t\t\t\t\t<div class=\"elementor-column elementor-col-33 elementor-top-column elementor-element elementor-element-90ea540\" data-id=\"90ea540\" data-element_type=\"column\" data-settings=\"{&quot;background_background&quot;:&quot;classic&quot;}\">\n\t\t\t<div class=\"elementor-widget-wrap elementor-element-populated\">\n\t\t\t\t\t\t<div class=\"elementor-element elementor-element-f3cda04 elementor-widget elementor-widget-heading\" data-id=\"f3cda04\" data-element_type=\"widget\" data-widget_type=\"heading.default\">\n\t\t\t\t<div class=\"elementor-widget-container\">\n\t\t\t\t\t<h2 class=\"elementor-heading-title elementor-size-default\">Exp\u00e9rience de match<\/h2>\t\t\t\t<\/div>\n\t\t\t\t<\/div>\n\t\t\t\t<div class=\"elementor-element elementor-element-f7df1b8 elementor-widget elementor-widget-text-editor\" data-id=\"f7df1b8\" data-element_type=\"widget\" data-widget_type=\"text-editor.default\">\n\t\t\t\t<div class=\"elementor-widget-container\">\n\t\t\t\t\t\t\t\t\t<p class=\"translation-block\">Veuillez remplir le formulaire ci-dessous pour poser votre candidature* \u00e0 l\u2019exp\u00e9rience de match lors du match de l\u2019\u00e9quipe nationale masculine de Canada Soccer contre l\u2019Australie, le 10 octobre \u00e0 Montr\u00e9al au Stade Saputo, dans le cadre de vos avantages d\u2019adh\u00e9sion <strong>L\u00e9gende<\/strong>.<\/p><p>L\u2019exp\u00e9rience d\u00e9bute \u00e0 18 h 30 le jour du match. La date limite pour remplir le formulaire et soumettre votre candidature est le vendredi 3 octobre \u00e0 17 h.\nVeuillez noter que vous devez d\u00e9j\u00e0 avoir un billet pour le match Canada c. Australie et \u00eatre membre CanadaROUGE L\u00e9gende pour participer \u00e0 l\u2019exp\u00e9rience. Nous communiquerons avec toutes les personnes inscrites le lundi 6 octobre.<\/p><p><strong>Soyez assur\u00e9\u00b7e que vous recevrez de nos nouvelles.<\/strong><\/p><p><em><strong>*Si le nombre de candidatures d\u00e9passe la capacit\u00e9 de l\u2019exp\u00e9rience, un tirage au sort sera effectu\u00e9.<\/strong><\/em><\/p>\t\t\t\t\t\t\t\t<\/div>\n\t\t\t\t<\/div>\n\t\t\t\t<div class=\"elementor-element elementor-element-1bb4ca7 elementor-widget-divider--view-line elementor-widget elementor-widget-divider\" data-id=\"1bb4ca7\" data-element_type=\"widget\" data-widget_type=\"divider.default\">\n\t\t\t\t<div class=\"elementor-widget-container\">\n\t\t\t\t\t\t\t<div class=\"elementor-divider\">\n\t\t\t<span class=\"elementor-divider-separator\">\n\t\t\t\t\t\t<\/span>\n\t\t<\/div>\n\t\t\t\t\t\t<\/div>\n\t\t\t\t<\/div>\n\t\t\t\t\t<\/div>\n\t\t<\/div>\n\t\t\t\t<div class=\"elementor-column elementor-col-33 elementor-top-column elementor-element elementor-element-aa02a39 elementor-hidden-tablet elementor-hidden-mobile\" data-id=\"aa02a39\" data-element_type=\"column\" data-settings=\"{&quot;background_background&quot;:&quot;classic&quot;}\">\n\t\t\t<div class=\"elementor-widget-wrap\">\n\t\t\t\t\t\t\t<\/div>\n\t\t<\/div>\n\t\t\t\t<div class=\"elementor-column elementor-col-33 elementor-top-column elementor-element elementor-element-cadbcb3\" data-id=\"cadbcb3\" data-element_type=\"column\" data-settings=\"{&quot;background_background&quot;:&quot;classic&quot;}\">\n\t\t\t<div class=\"elementor-widget-wrap elementor-element-populated\">\n\t\t\t\t\t\t<div class=\"elementor-element elementor-element-219f7de elementor-widget elementor-widget-shortcode\" data-id=\"219f7de\" data-element_type=\"widget\" data-widget_type=\"shortcode.default\">\n\t\t\t\t<div class=\"elementor-widget-container\">\n\t\t\t\t\t\t\t<div class=\"elementor-shortcode\"><\/div>\n\t\t\t\t\t\t<\/div>\n\t\t\t\t<\/div>\n\t\t\t\t\t<\/div>\n\t\t<\/div>\n\t\t\t\t\t<\/div>\n\t\t<\/section>\n\t\t\t\t<\/div>","protected":false},"excerpt":{"rendered":"<div class=\"tmnf_excerpt\"><p>CONTACT Match Day Experience Please<\/p>\n<\/div>","protected":false},"author":4,"featured_media":32280,"parent":0,"menu_order":0,"comment_status":"closed","ping_status":"closed","template":"elementor_header_footer","meta":{"_bbp_topic_count":0,"_bbp_reply_count":0,"_bbp_total_topic_count":0,"_bbp_total_reply_count":0,"_bbp_voice_count":0,"_bbp_anonymous_reply_count":0,"_bbp_topic_count_hidden":0,"_bbp_reply_count_hidden":0,"_bbp_forum_subforum_count":0,"_coblocks_attr":"","_coblocks_dimensions":"","_coblocks_responsive_height":"","_coblocks_accordion_ie_support":"","footnotes":""},"class_list":["post-35110","page","type-page","status-publish","has-post-thumbnail","hentry"],"aioseo_notices":[],"_links":{"self":[{"href":"https:\/\/canadared.canadasoccer.com\/fr\/wp-json\/wp\/v2\/pages\/35110","targetHints":{"allow":["GET"]}}],"collection":[{"href":"https:\/\/canadared.canadasoccer.com\/fr\/wp-json\/wp\/v2\/pages"}],"about":[{"href":"https:\/\/canadared.canadasoccer.com\/fr\/wp-json\/wp\/v2\/types\/page"}],"author":[{"embeddable":true,"href":"https:\/\/canadared.canadasoccer.com\/fr\/wp-json\/wp\/v2\/users\/4"}],"replies":[{"embeddable":true,"href":"https:\/\/canadared.canadasoccer.com\/fr\/wp-json\/wp\/v2\/comments?post=35110"}],"version-history":[{"count":10,"href":"https:\/\/canadared.canadasoccer.com\/fr\/wp-json\/wp\/v2\/pages\/35110\/revisions"}],"predecessor-version":[{"id":35140,"href":"https:\/\/canadared.canadasoccer.com\/fr\/wp-json\/wp\/v2\/pages\/35110\/revisions\/35140"}],"wp:featuredmedia":[{"embeddable":true,"href":"https:\/\/canadared.canadasoccer.com\/fr\/wp-json\/wp\/v2\/media\/32280"}],"wp:attachment":[{"href":"https:\/\/canadared.canadasoccer.com\/fr\/wp-json\/wp\/v2\/media?parent=35110"}],"curies":[{"name":"wp","href":"https:\/\/api.w.org\/{rel}","templated":true}]}}