{"id":35183,"date":"2025-11-05T09:28:52","date_gmt":"2025-11-05T14:28:52","guid":{"rendered":"https:\/\/canadared.canadasoccer.com\/?page_id=35183"},"modified":"2025-11-18T11:09:08","modified_gmt":"2025-11-18T16:09:08","slug":"volkswagen-exclusive-offer","status":"publish","type":"page","link":"https:\/\/canadared.canadasoccer.com\/fr\/volkswagen-exclusive-offer\/","title":{"rendered":"Volkswagen Exclusive Offer"},"content":{"rendered":"<div data-elementor-type=\"wp-page\" data-elementor-id=\"35183\" class=\"elementor elementor-35183\">\n\t\t\t\t\t\t<section class=\"elementor-section elementor-top-section elementor-element elementor-element-f899c45 elementor-section-full_width elementor-section-height-min-height elementor-section-height-default elementor-section-items-middle wpr-particle-no wpr-jarallax-no wpr-parallax-no wpr-sticky-section-no\" data-id=\"f899c45\" data-element_type=\"section\" data-settings=\"{&quot;background_background&quot;:&quot;classic&quot;}\">\n\t\t\t\t\t\t<div class=\"elementor-container elementor-column-gap-no\">\n\t\t\t\t\t<div class=\"elementor-column elementor-col-100 elementor-top-column elementor-element elementor-element-9425b37\" data-id=\"9425b37\" data-element_type=\"column\">\n\t\t\t<div class=\"elementor-widget-wrap\">\n\t\t\t\t\t\t\t<\/div>\n\t\t<\/div>\n\t\t\t\t\t<\/div>\n\t\t<\/section>\n\t\t\t\t<section class=\"elementor-section elementor-top-section elementor-element elementor-element-32c9388 elementor-section-boxed elementor-section-height-default elementor-section-height-default wpr-particle-no wpr-jarallax-no wpr-parallax-no wpr-sticky-section-no\" data-id=\"32c9388\" data-element_type=\"section\">\n\t\t\t\t\t\t<div class=\"elementor-container elementor-column-gap-wider\">\n\t\t\t\t\t<div class=\"elementor-column elementor-col-100 elementor-top-column elementor-element elementor-element-6087e8d\" data-id=\"6087e8d\" data-element_type=\"column\">\n\t\t\t<div class=\"elementor-widget-wrap elementor-element-populated\">\n\t\t\t\t\t\t<div class=\"elementor-element elementor-element-108633b elementor-widget__width-initial elementor-widget elementor-widget-heading\" data-id=\"108633b\" data-element_type=\"widget\" data-widget_type=\"heading.default\">\n\t\t\t\t<div class=\"elementor-widget-container\">\n\t\t\t\t\t<h2 class=\"elementor-heading-title elementor-size-default translation-block\">Vous \u00eates invit\u00e9 \u00e0 rejoindre le niveau Communaut\u00e9 de <br><span class=\"canadared\">CanadaRED<\/span>!<\/h2>\t\t\t\t<\/div>\n\t\t\t\t<\/div>\n\t\t\t\t<div class=\"elementor-element elementor-element-15559b4 elementor-widget elementor-widget-text-editor\" data-id=\"15559b4\" data-element_type=\"widget\" data-widget_type=\"text-editor.default\">\n\t\t\t\t<div class=\"elementor-widget-container\">\n\t\t\t\t\t\t\t\t\t<p class=\"translation-block\">Merci de votre int\u00e9r\u00eat pour CanadaROUGE. Les inscriptions pour le niveau \u00ab Communaut\u00e9 \u00bb pour les propri\u00e9taires Volkswagen sont maintenant ferm\u00e9es. Vous pouvez toujours rejoindre CanadaROUGE en vous <span style=\"color: #e0001e\"><a class=\"hyperlink\" style=\"color: #e0001e\" href=\"https:\/\/canadared.canadasoccer.com\/fr\/\" data-outlook-id=\"fc6c64bc-a9eb-4d0f-943d-de4b84d1e5bb\" target=\"_self\">inscrivant ici<\/a><\/span>.<\/p>\t\t\t\t\t\t\t\t<\/div>\n\t\t\t\t<\/div>\n\t\t\t\t\t<\/div>\n\t\t<\/div>\n\t\t\t\t\t<\/div>\n\t\t<\/section>\n\t\t\t\t<\/div>","protected":false},"excerpt":{"rendered":"<div class=\"tmnf_excerpt\"><p>You&#8217;re invited to the CanadaRED<\/p>\n<\/div>","protected":false},"author":7,"featured_media":0,"parent":0,"menu_order":0,"comment_status":"closed","ping_status":"closed","template":"elementor_header_footer","meta":{"_bbp_topic_count":0,"_bbp_reply_count":0,"_bbp_total_topic_count":0,"_bbp_total_reply_count":0,"_bbp_voice_count":0,"_bbp_anonymous_reply_count":0,"_bbp_topic_count_hidden":0,"_bbp_reply_count_hidden":0,"_bbp_forum_subforum_count":0,"_coblocks_attr":"","_coblocks_dimensions":"","_coblocks_responsive_height":"","_coblocks_accordion_ie_support":"","footnotes":""},"class_list":["post-35183","page","type-page","status-publish","hentry"],"aioseo_notices":[],"_links":{"self":[{"href":"https:\/\/canadared.canadasoccer.com\/fr\/wp-json\/wp\/v2\/pages\/35183","targetHints":{"allow":["GET"]}}],"collection":[{"href":"https:\/\/canadared.canadasoccer.com\/fr\/wp-json\/wp\/v2\/pages"}],"about":[{"href":"https:\/\/canadared.canadasoccer.com\/fr\/wp-json\/wp\/v2\/types\/page"}],"author":[{"embeddable":true,"href":"https:\/\/canadared.canadasoccer.com\/fr\/wp-json\/wp\/v2\/users\/7"}],"replies":[{"embeddable":true,"href":"https:\/\/canadared.canadasoccer.com\/fr\/wp-json\/wp\/v2\/comments?post=35183"}],"version-history":[{"count":60,"href":"https:\/\/canadared.canadasoccer.com\/fr\/wp-json\/wp\/v2\/pages\/35183\/revisions"}],"predecessor-version":[{"id":35270,"href":"https:\/\/canadared.canadasoccer.com\/fr\/wp-json\/wp\/v2\/pages\/35183\/revisions\/35270"}],"wp:attachment":[{"href":"https:\/\/canadared.canadasoccer.com\/fr\/wp-json\/wp\/v2\/media?parent=35183"}],"curies":[{"name":"wp","href":"https:\/\/api.w.org\/{rel}","templated":true}]}}